{"id":403,"date":"2024-11-06T11:40:49","date_gmt":"2024-11-06T09:40:49","guid":{"rendered":"https:\/\/maritei.wordpress.com\/?page_id=403"},"modified":"2025-04-19T22:12:37","modified_gmt":"2025-04-19T22:12:37","slug":"mudelite-vordlustamine","status":"publish","type":"page","link":"https:\/\/marilunatei24.thkit.ee\/wp\/mudelite-vordlustamine\/","title":{"rendered":"Mudelite v\u00f5rdlustamine"},"content":{"rendered":"\n<figure class=\"wp-block-table is-style-stripes has-medium-font-size\"><table class=\"has-kubio-color-6-color has-pale-ocean-gradient-background has-text-color has-background has-link-color has-fixed-layout\"><tbody><tr><td class=\"has-text-align-center\" data-align=\"center\"><strong>V-Model<\/strong><\/td><td class=\"has-text-align-center\" data-align=\"center\"><strong>Agile<\/strong><\/td><\/tr><tr><td class=\"has-text-align-center\" data-align=\"center\"><strong>Sekventeeritud ja fasedne<em> <\/em><\/strong>l\u00e4henemine<\/td><td class=\"has-text-align-center\" data-align=\"center\"><strong>Iteratiivne ja inkrementaalne <\/strong>l\u00e4henemine<\/td><\/tr><tr><td class=\"has-text-align-center\" data-align=\"center\"><strong>T\u00e4pne<\/strong> dokumentatsioon<\/td><td class=\"has-text-align-center\" data-align=\"center\"><strong>Minimaalne <\/strong>dokumentatsioon<\/td><\/tr><tr><td class=\"has-text-align-center\" data-align=\"center\"><strong>Fikseeritud<\/strong> n\u00f5uded<\/td><td class=\"has-text-align-center\" data-align=\"center\"><strong>Kohanduvad ja evolutsioonivad<\/strong> n\u00f5uded<\/td><\/tr><tr><td class=\"has-text-align-center\" data-align=\"center\">Testimine on <strong>fasedne ja struktureeritud<\/strong><\/td><td class=\"has-text-align-center\" data-align=\"center\">Testimine on <strong>iteratiivne ja kontinuumlik<\/strong><\/td><\/tr><tr><td class=\"has-text-align-center\" data-align=\"center\">Kliendi kaasamine on <strong>v\u00e4iksem p\u00e4rast n\u00f5udete faasi<\/strong><\/td><td class=\"has-text-align-center\" data-align=\"center\">Kliendi kaasamine on <strong>k\u00f5rgel kogu arendusprotsessi jooksul<\/strong><\/td><\/tr><tr><td class=\"has-text-align-center\" data-align=\"center\"><strong>Muutuste haldamine on raskem ja kallim<\/strong><\/td><td class=\"has-text-align-center\" data-align=\"center\">Embrace muutusi ja kohandub nendele<\/td><\/tr><tr><td class=\"has-text-align-center\" data-align=\"center\">Riskide haldamine<\/td><td class=\"has-text-align-center\" data-align=\"center\">Riskide haldamine<\/td><\/tr><\/tbody><\/table><\/figure>\n","protected":false},"excerpt":{"rendered":"<p>V-Model Agile Sekventeeritud ja fasedne l\u00e4henemine Iteratiivne ja inkrementaalne l\u00e4henemine T\u00e4pne dokumentatsioon Minimaalne dokumentatsioon Fikseeritud n\u00f5uded Kohanduvad ja evolutsioonivad n\u00f5uded Testimine on fasedne ja struktureeritud Testimine on iteratiivne ja kontinuumlik Kliendi kaasamine on v\u00e4iksem p\u00e4rast n\u00f5udete faasi Kliendi kaasamine on k\u00f5rgel kogu arendusprotsessi jooksul Muutuste haldamine on raskem ja kallim Embrace muutusi ja kohandub nendele [&hellip;]<\/p>\n","protected":false},"author":1,"featured_media":0,"parent":0,"menu_order":0,"comment_status":"closed","ping_status":"closed","template":"","meta":{"footnotes":""},"class_list":["post-403","page","type-page","status-publish","hentry"],"blocksy_meta":[],"yoast_head":"<!-- This site is optimized with the Yoast SEO plugin v27.3 - https:\/\/yoast.com\/product\/yoast-seo-wordpress\/ -->\n<title>Mudelite v\u00f5rdlustamine - Mari L Tei Portfoolio<\/title>\n<meta name=\"robots\" content=\"index, follow, max-snippet:-1, max-image-preview:large, max-video-preview:-1\" \/>\n<link rel=\"canonical\" href=\"https:\/\/marilunatei24.thkit.ee\/wp\/mudelite-vordlustamine\/\" \/>\n<meta property=\"og:locale\" content=\"et_EE\" \/>\n<meta property=\"og:type\" content=\"article\" \/>\n<meta property=\"og:title\" content=\"Mudelite v\u00f5rdlustamine - Mari L Tei Portfoolio\" \/>\n<meta property=\"og:description\" content=\"V-Model Agile Sekventeeritud ja fasedne l\u00e4henemine Iteratiivne ja inkrementaalne l\u00e4henemine T\u00e4pne dokumentatsioon Minimaalne dokumentatsioon Fikseeritud n\u00f5uded Kohanduvad ja evolutsioonivad n\u00f5uded Testimine on fasedne ja struktureeritud Testimine on iteratiivne ja kontinuumlik Kliendi kaasamine on v\u00e4iksem p\u00e4rast n\u00f5udete faasi Kliendi kaasamine on k\u00f5rgel kogu arendusprotsessi jooksul Muutuste haldamine on raskem ja kallim Embrace muutusi ja kohandub nendele [&hellip;]\" \/>\n<meta property=\"og:url\" content=\"https:\/\/marilunatei24.thkit.ee\/wp\/mudelite-vordlustamine\/\" \/>\n<meta property=\"og:site_name\" content=\"Mari L Tei Portfoolio\" \/>\n<meta property=\"article:modified_time\" content=\"2025-04-19T22:12:37+00:00\" \/>\n<meta name=\"twitter:card\" content=\"summary_large_image\" \/>\n<meta name=\"twitter:label1\" content=\"Est. reading time\" \/>\n\t<meta name=\"twitter:data1\" content=\"1 minut\" \/>\n<script type=\"application\/ld+json\" class=\"yoast-schema-graph\">{\"@context\":\"https:\\\/\\\/schema.org\",\"@graph\":[{\"@type\":\"WebPage\",\"@id\":\"https:\\\/\\\/marilunatei24.thkit.ee\\\/wp\\\/mudelite-vordlustamine\\\/\",\"url\":\"https:\\\/\\\/marilunatei24.thkit.ee\\\/wp\\\/mudelite-vordlustamine\\\/\",\"name\":\"Mudelite v\u00f5rdlustamine - Mari L Tei Portfoolio\",\"isPartOf\":{\"@id\":\"https:\\\/\\\/marilunatei24.thkit.ee\\\/wp\\\/#website\"},\"datePublished\":\"2024-11-06T09:40:49+00:00\",\"dateModified\":\"2025-04-19T22:12:37+00:00\",\"breadcrumb\":{\"@id\":\"https:\\\/\\\/marilunatei24.thkit.ee\\\/wp\\\/mudelite-vordlustamine\\\/#breadcrumb\"},\"inLanguage\":\"et\",\"potentialAction\":[{\"@type\":\"ReadAction\",\"target\":[\"https:\\\/\\\/marilunatei24.thkit.ee\\\/wp\\\/mudelite-vordlustamine\\\/\"]}]},{\"@type\":\"BreadcrumbList\",\"@id\":\"https:\\\/\\\/marilunatei24.thkit.ee\\\/wp\\\/mudelite-vordlustamine\\\/#breadcrumb\",\"itemListElement\":[{\"@type\":\"ListItem\",\"position\":1,\"name\":\"Home\",\"item\":\"https:\\\/\\\/marilunatei24.thkit.ee\\\/wp\\\/\"},{\"@type\":\"ListItem\",\"position\":2,\"name\":\"Mudelite v\u00f5rdlustamine\"}]},{\"@type\":\"WebSite\",\"@id\":\"https:\\\/\\\/marilunatei24.thkit.ee\\\/wp\\\/#website\",\"url\":\"https:\\\/\\\/marilunatei24.thkit.ee\\\/wp\\\/\",\"name\":\"Mari L Tei Portfoolio\",\"description\":\"Noorem Tarkvara arendaja eriala\",\"potentialAction\":[{\"@type\":\"SearchAction\",\"target\":{\"@type\":\"EntryPoint\",\"urlTemplate\":\"https:\\\/\\\/marilunatei24.thkit.ee\\\/wp\\\/?s={search_term_string}\"},\"query-input\":{\"@type\":\"PropertyValueSpecification\",\"valueRequired\":true,\"valueName\":\"search_term_string\"}}],\"inLanguage\":\"et\"}]}<\/script>\n<!-- \/ Yoast SEO plugin. -->","yoast_head_json":{"title":"Mudelite v\u00f5rdlustamine - Mari L Tei Portfoolio","robots":{"index":"index","follow":"follow","max-snippet":"max-snippet:-1","max-image-preview":"max-image-preview:large","max-video-preview":"max-video-preview:-1"},"canonical":"https:\/\/marilunatei24.thkit.ee\/wp\/mudelite-vordlustamine\/","og_locale":"et_EE","og_type":"article","og_title":"Mudelite v\u00f5rdlustamine - Mari L Tei Portfoolio","og_description":"V-Model Agile Sekventeeritud ja fasedne l\u00e4henemine Iteratiivne ja inkrementaalne l\u00e4henemine T\u00e4pne dokumentatsioon Minimaalne dokumentatsioon Fikseeritud n\u00f5uded Kohanduvad ja evolutsioonivad n\u00f5uded Testimine on fasedne ja struktureeritud Testimine on iteratiivne ja kontinuumlik Kliendi kaasamine on v\u00e4iksem p\u00e4rast n\u00f5udete faasi Kliendi kaasamine on k\u00f5rgel kogu arendusprotsessi jooksul Muutuste haldamine on raskem ja kallim Embrace muutusi ja kohandub nendele [&hellip;]","og_url":"https:\/\/marilunatei24.thkit.ee\/wp\/mudelite-vordlustamine\/","og_site_name":"Mari L Tei Portfoolio","article_modified_time":"2025-04-19T22:12:37+00:00","twitter_card":"summary_large_image","twitter_misc":{"Est. reading time":"1 minut"},"schema":{"@context":"https:\/\/schema.org","@graph":[{"@type":"WebPage","@id":"https:\/\/marilunatei24.thkit.ee\/wp\/mudelite-vordlustamine\/","url":"https:\/\/marilunatei24.thkit.ee\/wp\/mudelite-vordlustamine\/","name":"Mudelite v\u00f5rdlustamine - Mari L Tei Portfoolio","isPartOf":{"@id":"https:\/\/marilunatei24.thkit.ee\/wp\/#website"},"datePublished":"2024-11-06T09:40:49+00:00","dateModified":"2025-04-19T22:12:37+00:00","breadcrumb":{"@id":"https:\/\/marilunatei24.thkit.ee\/wp\/mudelite-vordlustamine\/#breadcrumb"},"inLanguage":"et","potentialAction":[{"@type":"ReadAction","target":["https:\/\/marilunatei24.thkit.ee\/wp\/mudelite-vordlustamine\/"]}]},{"@type":"BreadcrumbList","@id":"https:\/\/marilunatei24.thkit.ee\/wp\/mudelite-vordlustamine\/#breadcrumb","itemListElement":[{"@type":"ListItem","position":1,"name":"Home","item":"https:\/\/marilunatei24.thkit.ee\/wp\/"},{"@type":"ListItem","position":2,"name":"Mudelite v\u00f5rdlustamine"}]},{"@type":"WebSite","@id":"https:\/\/marilunatei24.thkit.ee\/wp\/#website","url":"https:\/\/marilunatei24.thkit.ee\/wp\/","name":"Mari L Tei Portfoolio","description":"Noorem Tarkvara arendaja eriala","potentialAction":[{"@type":"SearchAction","target":{"@type":"EntryPoint","urlTemplate":"https:\/\/marilunatei24.thkit.ee\/wp\/?s={search_term_string}"},"query-input":{"@type":"PropertyValueSpecification","valueRequired":true,"valueName":"search_term_string"}}],"inLanguage":"et"}]}},"_links":{"self":[{"href":"https:\/\/marilunatei24.thkit.ee\/wp\/wp-json\/wp\/v2\/pages\/403","targetHints":{"allow":["GET"]}}],"collection":[{"href":"https:\/\/marilunatei24.thkit.ee\/wp\/wp-json\/wp\/v2\/pages"}],"about":[{"href":"https:\/\/marilunatei24.thkit.ee\/wp\/wp-json\/wp\/v2\/types\/page"}],"author":[{"embeddable":true,"href":"https:\/\/marilunatei24.thkit.ee\/wp\/wp-json\/wp\/v2\/users\/1"}],"replies":[{"embeddable":true,"href":"https:\/\/marilunatei24.thkit.ee\/wp\/wp-json\/wp\/v2\/comments?post=403"}],"version-history":[{"count":6,"href":"https:\/\/marilunatei24.thkit.ee\/wp\/wp-json\/wp\/v2\/pages\/403\/revisions"}],"predecessor-version":[{"id":1354,"href":"https:\/\/marilunatei24.thkit.ee\/wp\/wp-json\/wp\/v2\/pages\/403\/revisions\/1354"}],"wp:attachment":[{"href":"https:\/\/marilunatei24.thkit.ee\/wp\/wp-json\/wp\/v2\/media?parent=403"}],"curies":[{"name":"wp","href":"https:\/\/api.w.org\/{rel}","templated":true}]}}