{"id":54,"date":"2024-09-13T12:39:36","date_gmt":"2024-09-13T09:39:36","guid":{"rendered":"https:\/\/maritei.wordpress.com\/?page_id=54"},"modified":"2025-04-23T06:27:06","modified_gmt":"2025-04-23T06:27:06","slug":"kodu","status":"publish","type":"page","link":"https:\/\/marilunatei24.thkit.ee\/wp\/eng\/","title":{"rendered":"Home"},"content":{"rendered":"\n<h1 class=\"wp-block-heading has-text-align-center has-black-color has-text-color has-link-color has-large-font-size wp-elements-f3dc97a2613113f9fa9ae7d8ab41f45e\"><strong>Mari L Tei Portfolio<\/strong><\/h1>\n\n\n\n<div style=\"height: 20px;\"><\/div>\n\n\n\n<div class=\"wp-block-columns are-vertically-aligned-center is-style-default has-black-color has-text-color has-link-color has-medium-font-size wp-elements-37e40495b9dd8cc648a0b64c90df19b7 is-layout-flex wp-container-core-columns-is-layout-28f84493 wp-block-columns-is-layout-flex\">\n<div class=\"wp-block-column is-vertically-aligned-center is-layout-flow wp-block-column-is-layout-flow\" style=\"flex-basis:56%\">\n<figure class=\"wp-block-image alignwide size-full is-style-rounded\"><img decoding=\"async\" src=\"https:\/\/marilunatei24.thkit.ee\/wp\/wp-content\/uploads\/2025\/04\/photo_2025-04-16_16-58-47.jpg\" alt=\"\" class=\"wp-image-1094\"\/><\/figure>\n<\/div>\n\n\n\n<div class=\"wp-block-column is-vertically-aligned-center is-layout-flow wp-block-column-is-layout-flow\" style=\"flex-basis:44%\">\n<div class=\"wp-block-group has-medium-font-size is-layout-constrained wp-block-group-is-layout-constrained\">\n<div class=\"wp-block-group is-layout-constrained wp-block-group-is-layout-constrained\">\n<p class=\"has-black-color has-text-color has-link-color has-medium-font-size wp-elements-4f281599bf3be4aea361743839cdf449\" style=\"font-style:normal;font-weight:500\">Mulle meeldib pidevalt \u00f5ppida midagi uut IT- valdkonnas.<\/p>\n\n\n\n<p class=\"has-black-color has-text-color has-link-color has-medium-font-size wp-elements-cafdb5201fd187f649c8a0c905a08a2f\" style=\"font-style:normal;font-weight:500\">Edukalt l\u00e4bisin Tarkvaratestijate kursuse 2021 aastal. Aasta tagasi l\u00f5petasin Java ja MySQL programmeerimise baaskoolituse.<\/p>\n\n\n\n<p class=\"has-black-color has-text-color has-link-color has-medium-font-size wp-elements-59d95fe7df817ccf91c54a04b817f69f\" style=\"font-style:normal;font-weight:500\">N\u00fc\u00fcd \u00f5ppin Tallinn T\u00f6\u00f6stushariduskeskuses 1. kursussel Noorem Tarkvaraarendaja erialal.<\/p>\n<\/div>\n\n\n\n<p class=\"has-black-color has-text-color has-link-color has-medium-font-size wp-elements-e0ff54889e65fa220646d9d3beeb01a6\" style=\"font-style:normal;font-weight:500\"><\/p>\n<\/div>\n<\/div>\n<\/div>\n\n\n\n<p class=\"has-text-align-center has-black-color has-text-color has-link-color has-large-font-size wp-elements-a05b72675830d64c042cd47145664e0a\"><\/p>\n","protected":false},"excerpt":{"rendered":"<p>Mari L Tei Portfolio Mulle meeldib pidevalt \u00f5ppida midagi uut IT- valdkonnas. Edukalt l\u00e4bisin Tarkvaratestijate kursuse 2021 aastal. Aasta tagasi l\u00f5petasin Java ja MySQL programmeerimise baaskoolituse. N\u00fc\u00fcd \u00f5ppin Tallinn T\u00f6\u00f6stushariduskeskuses 1. kursussel Noorem Tarkvaraarendaja erialal.<\/p>\n","protected":false},"author":1,"featured_media":0,"parent":0,"menu_order":0,"comment_status":"closed","ping_status":"closed","template":"","meta":{"footnotes":""},"class_list":["post-54","page","type-page","status-publish","hentry"],"blocksy_meta":[],"yoast_head":"<!-- This site is optimized with the Yoast SEO plugin v27.3 - https:\/\/yoast.com\/product\/yoast-seo-wordpress\/ -->\n<title>Home - Mari L Tei Portfolio<\/title>\n<meta name=\"description\" content=\"Avaleht. Tutvu minu loomingulise portfoolioga! Siin leiad minu varasemad t\u00f6\u00f6d, projektid ja oskused. Vaata ja avasta inspiratsiooni!\" \/>\n<meta name=\"robots\" content=\"index, follow, max-snippet:-1, max-image-preview:large, max-video-preview:-1\" \/>\n<link rel=\"canonical\" href=\"https:\/\/marilunatei24.thkit.ee\/wp\/eng\/\" \/>\n<meta property=\"og:locale\" content=\"en_US\" \/>\n<meta property=\"og:type\" content=\"article\" \/>\n<meta property=\"og:title\" content=\"Home - Mari L Tei Portfolio\" \/>\n<meta property=\"og:description\" content=\"Avaleht. Tutvu minu loomingulise portfoolioga! Siin leiad minu varasemad t\u00f6\u00f6d, projektid ja oskused. Vaata ja avasta inspiratsiooni!\" \/>\n<meta property=\"og:url\" content=\"https:\/\/marilunatei24.thkit.ee\/wp\/eng\/\" \/>\n<meta property=\"og:site_name\" content=\"Mari L Tei Portfolio\" \/>\n<meta property=\"article:modified_time\" content=\"2025-04-23T06:27:06+00:00\" \/>\n<meta name=\"twitter:card\" content=\"summary_large_image\" \/>\n<meta name=\"twitter:label1\" content=\"Est. reading time\" \/>\n\t<meta name=\"twitter:data1\" content=\"1 minute\" \/>\n<script type=\"application\/ld+json\" class=\"yoast-schema-graph\">{\"@context\":\"https:\\\/\\\/schema.org\",\"@graph\":[{\"@type\":\"WebPage\",\"@id\":\"https:\\\/\\\/marilunatei24.thkit.ee\\\/wp\\\/eng\\\/\",\"url\":\"https:\\\/\\\/marilunatei24.thkit.ee\\\/wp\\\/eng\\\/\",\"name\":\"Home - Mari L Tei Portfolio\",\"isPartOf\":{\"@id\":\"https:\\\/\\\/marilunatei24.thkit.ee\\\/wp\\\/eng\\\/#website\"},\"primaryImageOfPage\":{\"@id\":\"https:\\\/\\\/marilunatei24.thkit.ee\\\/wp\\\/eng\\\/#primaryimage\"},\"image\":{\"@id\":\"https:\\\/\\\/marilunatei24.thkit.ee\\\/wp\\\/eng\\\/#primaryimage\"},\"thumbnailUrl\":\"https:\\\/\\\/marilunatei24.thkit.ee\\\/wp\\\/wp-content\\\/uploads\\\/2025\\\/04\\\/photo_2025-04-16_16-58-47.jpg\",\"datePublished\":\"2024-09-13T09:39:36+00:00\",\"dateModified\":\"2025-04-23T06:27:06+00:00\",\"description\":\"Avaleht. Tutvu minu loomingulise portfoolioga! Siin leiad minu varasemad t\u00f6\u00f6d, projektid ja oskused. Vaata ja avasta inspiratsiooni!\",\"breadcrumb\":{\"@id\":\"https:\\\/\\\/marilunatei24.thkit.ee\\\/wp\\\/eng\\\/#breadcrumb\"},\"inLanguage\":\"en-US\",\"potentialAction\":[{\"@type\":\"ReadAction\",\"target\":[\"https:\\\/\\\/marilunatei24.thkit.ee\\\/wp\\\/eng\\\/\"]}]},{\"@type\":\"ImageObject\",\"inLanguage\":\"en-US\",\"@id\":\"https:\\\/\\\/marilunatei24.thkit.ee\\\/wp\\\/eng\\\/#primaryimage\",\"url\":\"https:\\\/\\\/marilunatei24.thkit.ee\\\/wp\\\/wp-content\\\/uploads\\\/2025\\\/04\\\/photo_2025-04-16_16-58-47.jpg\",\"contentUrl\":\"https:\\\/\\\/marilunatei24.thkit.ee\\\/wp\\\/wp-content\\\/uploads\\\/2025\\\/04\\\/photo_2025-04-16_16-58-47.jpg\"},{\"@type\":\"BreadcrumbList\",\"@id\":\"https:\\\/\\\/marilunatei24.thkit.ee\\\/wp\\\/eng\\\/#breadcrumb\",\"itemListElement\":[{\"@type\":\"ListItem\",\"position\":1,\"name\":\"Home\",\"item\":\"https:\\\/\\\/marilunatei24.thkit.ee\\\/wp\\\/eng\\\/\"},{\"@type\":\"ListItem\",\"position\":2,\"name\":\"Home\"}]},{\"@type\":\"WebSite\",\"@id\":\"https:\\\/\\\/marilunatei24.thkit.ee\\\/wp\\\/eng\\\/#website\",\"url\":\"https:\\\/\\\/marilunatei24.thkit.ee\\\/wp\\\/eng\\\/\",\"name\":\"Mari L Tei Portfolio\",\"description\":\"\",\"potentialAction\":[{\"@type\":\"SearchAction\",\"target\":{\"@type\":\"EntryPoint\",\"urlTemplate\":\"https:\\\/\\\/marilunatei24.thkit.ee\\\/wp\\\/eng\\\/?s={search_term_string}\"},\"query-input\":{\"@type\":\"PropertyValueSpecification\",\"valueRequired\":true,\"valueName\":\"search_term_string\"}}],\"inLanguage\":\"en-US\"}]}<\/script>\n<!-- \/ Yoast SEO plugin. -->","yoast_head_json":{"title":"Home - Mari L Tei Portfolio","description":"Avaleht. Tutvu minu loomingulise portfoolioga! Siin leiad minu varasemad t\u00f6\u00f6d, projektid ja oskused. Vaata ja avasta inspiratsiooni!","robots":{"index":"index","follow":"follow","max-snippet":"max-snippet:-1","max-image-preview":"max-image-preview:large","max-video-preview":"max-video-preview:-1"},"canonical":"https:\/\/marilunatei24.thkit.ee\/wp\/eng\/","og_locale":"en_US","og_type":"article","og_title":"Home - Mari L Tei Portfolio","og_description":"Avaleht. Tutvu minu loomingulise portfoolioga! Siin leiad minu varasemad t\u00f6\u00f6d, projektid ja oskused. Vaata ja avasta inspiratsiooni!","og_url":"https:\/\/marilunatei24.thkit.ee\/wp\/eng\/","og_site_name":"Mari L Tei Portfolio","article_modified_time":"2025-04-23T06:27:06+00:00","twitter_card":"summary_large_image","twitter_misc":{"Est. reading time":"1 minute"},"schema":{"@context":"https:\/\/schema.org","@graph":[{"@type":"WebPage","@id":"https:\/\/marilunatei24.thkit.ee\/wp\/eng\/","url":"https:\/\/marilunatei24.thkit.ee\/wp\/eng\/","name":"Home - Mari L Tei Portfolio","isPartOf":{"@id":"https:\/\/marilunatei24.thkit.ee\/wp\/eng\/#website"},"primaryImageOfPage":{"@id":"https:\/\/marilunatei24.thkit.ee\/wp\/eng\/#primaryimage"},"image":{"@id":"https:\/\/marilunatei24.thkit.ee\/wp\/eng\/#primaryimage"},"thumbnailUrl":"https:\/\/marilunatei24.thkit.ee\/wp\/wp-content\/uploads\/2025\/04\/photo_2025-04-16_16-58-47.jpg","datePublished":"2024-09-13T09:39:36+00:00","dateModified":"2025-04-23T06:27:06+00:00","description":"Avaleht. Tutvu minu loomingulise portfoolioga! Siin leiad minu varasemad t\u00f6\u00f6d, projektid ja oskused. Vaata ja avasta inspiratsiooni!","breadcrumb":{"@id":"https:\/\/marilunatei24.thkit.ee\/wp\/eng\/#breadcrumb"},"inLanguage":"en-US","potentialAction":[{"@type":"ReadAction","target":["https:\/\/marilunatei24.thkit.ee\/wp\/eng\/"]}]},{"@type":"ImageObject","inLanguage":"en-US","@id":"https:\/\/marilunatei24.thkit.ee\/wp\/eng\/#primaryimage","url":"https:\/\/marilunatei24.thkit.ee\/wp\/wp-content\/uploads\/2025\/04\/photo_2025-04-16_16-58-47.jpg","contentUrl":"https:\/\/marilunatei24.thkit.ee\/wp\/wp-content\/uploads\/2025\/04\/photo_2025-04-16_16-58-47.jpg"},{"@type":"BreadcrumbList","@id":"https:\/\/marilunatei24.thkit.ee\/wp\/eng\/#breadcrumb","itemListElement":[{"@type":"ListItem","position":1,"name":"Home","item":"https:\/\/marilunatei24.thkit.ee\/wp\/eng\/"},{"@type":"ListItem","position":2,"name":"Home"}]},{"@type":"WebSite","@id":"https:\/\/marilunatei24.thkit.ee\/wp\/eng\/#website","url":"https:\/\/marilunatei24.thkit.ee\/wp\/eng\/","name":"Mari L Tei Portfolio","description":"","potentialAction":[{"@type":"SearchAction","target":{"@type":"EntryPoint","urlTemplate":"https:\/\/marilunatei24.thkit.ee\/wp\/eng\/?s={search_term_string}"},"query-input":{"@type":"PropertyValueSpecification","valueRequired":true,"valueName":"search_term_string"}}],"inLanguage":"en-US"}]}},"_links":{"self":[{"href":"https:\/\/marilunatei24.thkit.ee\/wp\/eng\/wp-json\/wp\/v2\/pages\/54","targetHints":{"allow":["GET"]}}],"collection":[{"href":"https:\/\/marilunatei24.thkit.ee\/wp\/eng\/wp-json\/wp\/v2\/pages"}],"about":[{"href":"https:\/\/marilunatei24.thkit.ee\/wp\/eng\/wp-json\/wp\/v2\/types\/page"}],"author":[{"embeddable":true,"href":"https:\/\/marilunatei24.thkit.ee\/wp\/eng\/wp-json\/wp\/v2\/users\/1"}],"replies":[{"embeddable":true,"href":"https:\/\/marilunatei24.thkit.ee\/wp\/eng\/wp-json\/wp\/v2\/comments?post=54"}],"version-history":[{"count":16,"href":"https:\/\/marilunatei24.thkit.ee\/wp\/eng\/wp-json\/wp\/v2\/pages\/54\/revisions"}],"predecessor-version":[{"id":1333,"href":"https:\/\/marilunatei24.thkit.ee\/wp\/eng\/wp-json\/wp\/v2\/pages\/54\/revisions\/1333"}],"wp:attachment":[{"href":"https:\/\/marilunatei24.thkit.ee\/wp\/eng\/wp-json\/wp\/v2\/media?parent=54"}],"curies":[{"name":"wp","href":"https:\/\/api.w.org\/{rel}","templated":true}]}}