{"id":539,"date":"2024-11-14T12:09:43","date_gmt":"2024-11-14T12:09:43","guid":{"rendered":"https:\/\/marilunatei24.thkit.ee\/wp\/?page_id=539"},"modified":"2025-04-17T14:54:17","modified_gmt":"2025-04-17T14:54:17","slug":"kasutusmalliskeem","status":"publish","type":"page","link":"https:\/\/marilunatei24.thkit.ee\/wp\/eng\/kasutusmalliskeem\/","title":{"rendered":"Use Case Diagram"},"content":{"rendered":"\n<div style=\"height: 40px\"><\/div>\n\n\n\n<p><strong>Kasutuslooskeem<\/strong> on graafiline v\u00f5i tekstiline esitus, mis juhendab samm-sammult, milliseid otsuseid ja tegevusi tuleb teha teatud eesm\u00e4rgi saavutamiseks v\u00f5i probleemide lahendamiseks. See aitab visuaalselt ja loogiliselt j\u00e4rjestada protsesse, h\u00f5lbustades erinevate valikute ja v\u00f5imaluste v\u00f5rdlemist ning otsuste tegemist. N\u00e4iteks v\u00f5ib kasutuslooskeem abistada massm\u00e4luseadmete valikul vastavalt kasutusn\u00f5uetele ja tehnilistele n\u00e4itajatele.<\/p>\n\n\n\n<p><\/p>\n\n\n\n<p><\/p>\n\n\n\n<figure class=\"wp-block-image size-large\"><img decoding=\"async\" src=\"https:\/\/marilunatei24.thkit.ee\/wp\/wp-content\/uploads\/2024\/11\/uml-scheme_MariLTei_TARgv24-1024x1011.jpeg\" alt=\"\" class=\"wp-image-541\"\/><\/figure>\n\n\n\n<div style=\"height: 40px\"><\/div>\n\n\n\n<h2 class=\"wp-block-heading\">Kasutuslooskeem&#8217;i \u00f5ppevideo<\/h2>\n\n\n\n<div style=\"height: 60px\"><\/div>\n\n\n\n<figure class=\"wp-block-embed is-type-video is-provider-youtube wp-block-embed-youtube wp-embed-aspect-16-9 wp-has-aspect-ratio\"><div class=\"wp-block-embed__wrapper\">\n<iframe loading=\"lazy\" title=\"UML use case diagrams\" width=\"1290\" height=\"726\" src=\"https:\/\/www.youtube.com\/embed\/4emxjxonNRI?feature=oembed\" frameborder=\"0\" allow=\"accelerometer; autoplay; clipboard-write; encrypted-media; gyroscope; picture-in-picture; web-share\" referrerpolicy=\"strict-origin-when-cross-origin\" allowfullscreen><\/iframe>\n<\/div><figcaption class=\"wp-element-caption\">Video by:  <a href=\"https:\/\/www.youtube.com\/@lucid_software\">Lucid Software<\/a><\/figcaption><\/figure>\n","protected":false},"excerpt":{"rendered":"<p>Kasutuslooskeem on graafiline v\u00f5i tekstiline esitus, mis juhendab samm-sammult, milliseid otsuseid ja tegevusi tuleb teha teatud eesm\u00e4rgi saavutamiseks v\u00f5i probleemide lahendamiseks. See aitab visuaalselt ja loogiliselt j\u00e4rjestada protsesse, h\u00f5lbustades erinevate valikute ja v\u00f5imaluste v\u00f5rdlemist ning otsuste tegemist. N\u00e4iteks v\u00f5ib kasutuslooskeem abistada massm\u00e4luseadmete valikul vastavalt kasutusn\u00f5uetele ja tehnilistele n\u00e4itajatele. Kasutuslooskeem&#8217;i \u00f5ppevideo<\/p>\n","protected":false},"author":1,"featured_media":0,"parent":0,"menu_order":0,"comment_status":"closed","ping_status":"closed","template":"","meta":{"footnotes":""},"class_list":["post-539","page","type-page","status-publish","hentry"],"blocksy_meta":[],"yoast_head":"<!-- This site is optimized with the Yoast SEO plugin v27.3 - https:\/\/yoast.com\/product\/yoast-seo-wordpress\/ -->\n<title>Use Case Diagram - Mari L Tei Portfolio<\/title>\n<meta name=\"robots\" content=\"index, follow, max-snippet:-1, max-image-preview:large, max-video-preview:-1\" \/>\n<link rel=\"canonical\" href=\"https:\/\/marilunatei24.thkit.ee\/wp\/eng\/kasutusmalliskeem\/\" \/>\n<meta property=\"og:locale\" content=\"en_US\" \/>\n<meta property=\"og:type\" content=\"article\" \/>\n<meta property=\"og:title\" content=\"Use Case Diagram - Mari L Tei Portfolio\" \/>\n<meta property=\"og:description\" content=\"Kasutuslooskeem on graafiline v\u00f5i tekstiline esitus, mis juhendab samm-sammult, milliseid otsuseid ja tegevusi tuleb teha teatud eesm\u00e4rgi saavutamiseks v\u00f5i probleemide lahendamiseks. See aitab visuaalselt ja loogiliselt j\u00e4rjestada protsesse, h\u00f5lbustades erinevate valikute ja v\u00f5imaluste v\u00f5rdlemist ning otsuste tegemist. N\u00e4iteks v\u00f5ib kasutuslooskeem abistada massm\u00e4luseadmete valikul vastavalt kasutusn\u00f5uetele ja tehnilistele n\u00e4itajatele. Kasutuslooskeem&#8217;i \u00f5ppevideo\" \/>\n<meta property=\"og:url\" content=\"https:\/\/marilunatei24.thkit.ee\/wp\/eng\/kasutusmalliskeem\/\" \/>\n<meta property=\"og:site_name\" content=\"Mari L Tei Portfolio\" \/>\n<meta property=\"article:modified_time\" content=\"2025-04-17T14:54:17+00:00\" \/>\n<meta name=\"twitter:card\" content=\"summary_large_image\" \/>\n<meta name=\"twitter:label1\" content=\"Est. reading time\" \/>\n\t<meta name=\"twitter:data1\" content=\"1 minute\" \/>\n<script type=\"application\/ld+json\" class=\"yoast-schema-graph\">{\"@context\":\"https:\\\/\\\/schema.org\",\"@graph\":[{\"@type\":\"WebPage\",\"@id\":\"https:\\\/\\\/marilunatei24.thkit.ee\\\/wp\\\/eng\\\/kasutusmalliskeem\\\/\",\"url\":\"https:\\\/\\\/marilunatei24.thkit.ee\\\/wp\\\/eng\\\/kasutusmalliskeem\\\/\",\"name\":\"Use Case Diagram - Mari L Tei Portfolio\",\"isPartOf\":{\"@id\":\"https:\\\/\\\/marilunatei24.thkit.ee\\\/wp\\\/eng\\\/#website\"},\"primaryImageOfPage\":{\"@id\":\"https:\\\/\\\/marilunatei24.thkit.ee\\\/wp\\\/eng\\\/kasutusmalliskeem\\\/#primaryimage\"},\"image\":{\"@id\":\"https:\\\/\\\/marilunatei24.thkit.ee\\\/wp\\\/eng\\\/kasutusmalliskeem\\\/#primaryimage\"},\"thumbnailUrl\":\"https:\\\/\\\/marilunatei24.thkit.ee\\\/wp\\\/wp-content\\\/uploads\\\/2024\\\/11\\\/uml-scheme_MariLTei_TARgv24-1024x1011.jpeg\",\"datePublished\":\"2024-11-14T12:09:43+00:00\",\"dateModified\":\"2025-04-17T14:54:17+00:00\",\"breadcrumb\":{\"@id\":\"https:\\\/\\\/marilunatei24.thkit.ee\\\/wp\\\/eng\\\/kasutusmalliskeem\\\/#breadcrumb\"},\"inLanguage\":\"en-US\",\"potentialAction\":[{\"@type\":\"ReadAction\",\"target\":[\"https:\\\/\\\/marilunatei24.thkit.ee\\\/wp\\\/eng\\\/kasutusmalliskeem\\\/\"]}]},{\"@type\":\"ImageObject\",\"inLanguage\":\"en-US\",\"@id\":\"https:\\\/\\\/marilunatei24.thkit.ee\\\/wp\\\/eng\\\/kasutusmalliskeem\\\/#primaryimage\",\"url\":\"https:\\\/\\\/marilunatei24.thkit.ee\\\/wp\\\/wp-content\\\/uploads\\\/2024\\\/11\\\/uml-scheme_MariLTei_TARgv24-1024x1011.jpeg\",\"contentUrl\":\"https:\\\/\\\/marilunatei24.thkit.ee\\\/wp\\\/wp-content\\\/uploads\\\/2024\\\/11\\\/uml-scheme_MariLTei_TARgv24-1024x1011.jpeg\"},{\"@type\":\"BreadcrumbList\",\"@id\":\"https:\\\/\\\/marilunatei24.thkit.ee\\\/wp\\\/eng\\\/kasutusmalliskeem\\\/#breadcrumb\",\"itemListElement\":[{\"@type\":\"ListItem\",\"position\":1,\"name\":\"Home\",\"item\":\"https:\\\/\\\/marilunatei24.thkit.ee\\\/wp\\\/eng\\\/\"},{\"@type\":\"ListItem\",\"position\":2,\"name\":\"Use Case Diagram\"}]},{\"@type\":\"WebSite\",\"@id\":\"https:\\\/\\\/marilunatei24.thkit.ee\\\/wp\\\/eng\\\/#website\",\"url\":\"https:\\\/\\\/marilunatei24.thkit.ee\\\/wp\\\/eng\\\/\",\"name\":\"Mari L Tei Portfolio\",\"description\":\"\",\"potentialAction\":[{\"@type\":\"SearchAction\",\"target\":{\"@type\":\"EntryPoint\",\"urlTemplate\":\"https:\\\/\\\/marilunatei24.thkit.ee\\\/wp\\\/eng\\\/?s={search_term_string}\"},\"query-input\":{\"@type\":\"PropertyValueSpecification\",\"valueRequired\":true,\"valueName\":\"search_term_string\"}}],\"inLanguage\":\"en-US\"}]}<\/script>\n<!-- \/ Yoast SEO plugin. -->","yoast_head_json":{"title":"Use Case Diagram - Mari L Tei Portfolio","robots":{"index":"index","follow":"follow","max-snippet":"max-snippet:-1","max-image-preview":"max-image-preview:large","max-video-preview":"max-video-preview:-1"},"canonical":"https:\/\/marilunatei24.thkit.ee\/wp\/eng\/kasutusmalliskeem\/","og_locale":"en_US","og_type":"article","og_title":"Use Case Diagram - Mari L Tei Portfolio","og_description":"Kasutuslooskeem on graafiline v\u00f5i tekstiline esitus, mis juhendab samm-sammult, milliseid otsuseid ja tegevusi tuleb teha teatud eesm\u00e4rgi saavutamiseks v\u00f5i probleemide lahendamiseks. See aitab visuaalselt ja loogiliselt j\u00e4rjestada protsesse, h\u00f5lbustades erinevate valikute ja v\u00f5imaluste v\u00f5rdlemist ning otsuste tegemist. N\u00e4iteks v\u00f5ib kasutuslooskeem abistada massm\u00e4luseadmete valikul vastavalt kasutusn\u00f5uetele ja tehnilistele n\u00e4itajatele. Kasutuslooskeem&#8217;i \u00f5ppevideo","og_url":"https:\/\/marilunatei24.thkit.ee\/wp\/eng\/kasutusmalliskeem\/","og_site_name":"Mari L Tei Portfolio","article_modified_time":"2025-04-17T14:54:17+00:00","twitter_card":"summary_large_image","twitter_misc":{"Est. reading time":"1 minute"},"schema":{"@context":"https:\/\/schema.org","@graph":[{"@type":"WebPage","@id":"https:\/\/marilunatei24.thkit.ee\/wp\/eng\/kasutusmalliskeem\/","url":"https:\/\/marilunatei24.thkit.ee\/wp\/eng\/kasutusmalliskeem\/","name":"Use Case Diagram - Mari L Tei Portfolio","isPartOf":{"@id":"https:\/\/marilunatei24.thkit.ee\/wp\/eng\/#website"},"primaryImageOfPage":{"@id":"https:\/\/marilunatei24.thkit.ee\/wp\/eng\/kasutusmalliskeem\/#primaryimage"},"image":{"@id":"https:\/\/marilunatei24.thkit.ee\/wp\/eng\/kasutusmalliskeem\/#primaryimage"},"thumbnailUrl":"https:\/\/marilunatei24.thkit.ee\/wp\/wp-content\/uploads\/2024\/11\/uml-scheme_MariLTei_TARgv24-1024x1011.jpeg","datePublished":"2024-11-14T12:09:43+00:00","dateModified":"2025-04-17T14:54:17+00:00","breadcrumb":{"@id":"https:\/\/marilunatei24.thkit.ee\/wp\/eng\/kasutusmalliskeem\/#breadcrumb"},"inLanguage":"en-US","potentialAction":[{"@type":"ReadAction","target":["https:\/\/marilunatei24.thkit.ee\/wp\/eng\/kasutusmalliskeem\/"]}]},{"@type":"ImageObject","inLanguage":"en-US","@id":"https:\/\/marilunatei24.thkit.ee\/wp\/eng\/kasutusmalliskeem\/#primaryimage","url":"https:\/\/marilunatei24.thkit.ee\/wp\/wp-content\/uploads\/2024\/11\/uml-scheme_MariLTei_TARgv24-1024x1011.jpeg","contentUrl":"https:\/\/marilunatei24.thkit.ee\/wp\/wp-content\/uploads\/2024\/11\/uml-scheme_MariLTei_TARgv24-1024x1011.jpeg"},{"@type":"BreadcrumbList","@id":"https:\/\/marilunatei24.thkit.ee\/wp\/eng\/kasutusmalliskeem\/#breadcrumb","itemListElement":[{"@type":"ListItem","position":1,"name":"Home","item":"https:\/\/marilunatei24.thkit.ee\/wp\/eng\/"},{"@type":"ListItem","position":2,"name":"Use Case Diagram"}]},{"@type":"WebSite","@id":"https:\/\/marilunatei24.thkit.ee\/wp\/eng\/#website","url":"https:\/\/marilunatei24.thkit.ee\/wp\/eng\/","name":"Mari L Tei Portfolio","description":"","potentialAction":[{"@type":"SearchAction","target":{"@type":"EntryPoint","urlTemplate":"https:\/\/marilunatei24.thkit.ee\/wp\/eng\/?s={search_term_string}"},"query-input":{"@type":"PropertyValueSpecification","valueRequired":true,"valueName":"search_term_string"}}],"inLanguage":"en-US"}]}},"_links":{"self":[{"href":"https:\/\/marilunatei24.thkit.ee\/wp\/eng\/wp-json\/wp\/v2\/pages\/539","targetHints":{"allow":["GET"]}}],"collection":[{"href":"https:\/\/marilunatei24.thkit.ee\/wp\/eng\/wp-json\/wp\/v2\/pages"}],"about":[{"href":"https:\/\/marilunatei24.thkit.ee\/wp\/eng\/wp-json\/wp\/v2\/types\/page"}],"author":[{"embeddable":true,"href":"https:\/\/marilunatei24.thkit.ee\/wp\/eng\/wp-json\/wp\/v2\/users\/1"}],"replies":[{"embeddable":true,"href":"https:\/\/marilunatei24.thkit.ee\/wp\/eng\/wp-json\/wp\/v2\/comments?post=539"}],"version-history":[{"count":1,"href":"https:\/\/marilunatei24.thkit.ee\/wp\/eng\/wp-json\/wp\/v2\/pages\/539\/revisions"}],"predecessor-version":[{"id":1304,"href":"https:\/\/marilunatei24.thkit.ee\/wp\/eng\/wp-json\/wp\/v2\/pages\/539\/revisions\/1304"}],"wp:attachment":[{"href":"https:\/\/marilunatei24.thkit.ee\/wp\/eng\/wp-json\/wp\/v2\/media?parent=539"}],"curies":[{"name":"wp","href":"https:\/\/api.w.org\/{rel}","templated":true}]}}